{"id":24,"date":"2015-12-30T21:49:58","date_gmt":"2015-12-30T20:49:58","guid":{"rendered":"http:\/\/ttc-uedorf.de\/wordpress\/?page_id=24"},"modified":"2022-09-15T10:13:10","modified_gmt":"2022-09-15T08:13:10","slug":"impressum","status":"publish","type":"page","link":"https:\/\/ttc-uedorf.de\/wordpress\/impressum\/","title":{"rendered":"Impressum"},"content":{"rendered":"<p><strong>TTC Blau-Rot Uedorf 1963 e. V.<\/strong><\/p>\n<p><strong>Vorsitzender<\/strong>: Sebastian Knauth<br \/>\nE-Mail: sebastianknauth@gmx.de<\/p>\n<p><strong>Gesch\u00e4ftsf\u00fchrer<\/strong>: Lasse Brauner<br \/>\nE-Mail: lasse.brauner@gmx.de<\/p>\n<p><strong>Bankverbindung:<\/strong><br \/>\nKontonummer: 48 500 490<br \/>\nBankleitzahl: 370 502 99<br \/>\nBankinstitut: Kreissparkasse K\u00f6ln<\/p>\n<p><strong>Vertretungsberechtigter Vorstand:<\/strong><br \/>\nSebastian Knauth (1. Vorsitzende\/-r), Lasse Brauner (Gesch\u00e4ftsf\u00fchrer\/-in)<\/p>\n<p><strong>Registergericht:<\/strong><br \/>\nAmtsgericht Bonn<br \/>\nRegisternummer: VR 3854<\/p>\n<p><strong>Inhaltlich Verantwortlicher gem\u00e4\u00df \u00a7 10 Absatz 3 MDStV:<\/strong><br \/>\nTTC Blau-Rot 1963 Uedorf e.V.<br \/>\nWilhelm-Kerp-Stra\u00dfe 25<br \/>\n53125 Bonn<\/p>\n<p>&nbsp;<\/p>\n<p><strong>Disclaimer<\/strong><br \/>\nDie Inhalte unserer Seiten wurden mit gr\u00f6\u00dfter Sorgfalt erstellt. F\u00fcr die Richtigkeit, Vollst\u00e4ndigkeit und Aktualit\u00e4t der Inhalte k\u00f6nnen wir jedoch keine Gew\u00e4hr \u00fcbernehmen. Als Diensteanbieter sind wir gem\u00e4\u00df \u00a7 7 Abs.1 TMG f\u00fcr eigene Inhalte auf diesen Seiten nach den allgemeinen Gesetzen verantwortlich. Nach \u00a7 8 bis 10 TMG sind wir als Diensteanbieter jedoch nicht verpflichtet, \u00fcbermittelte oder gespeicherte fremde Informationen zu \u00fcberwachen oder nach Umst\u00e4nden zu forschen, die auf eine rechtswidrige T\u00e4tigkeit hinweisen. Verpflichtungen zur Entfernung oder Sperrung der Nutzung von Informationen nach den allgemeinen Gesetzen bleiben hiervon unber\u00fchrt. Eine diesbez\u00fcgliche Haftung ist jedoch erst ab dem Zeitpunkt der Kenntnis einer konkreten Rechtsverletzung m\u00f6glich. Bei Bekanntwerden von entsprechenden Rechtsverletzungen werden wir diese Inhalte umgehend entfernen.<\/p>\n<p><strong>Haftung f\u00fcr Links<\/strong><br \/>\nUnser Angebot enth\u00e4lt Links zu externen Webseiten Dritter, auf deren Inhalte wir keinen Einfluss haben. Deshalb k\u00f6nnen wir f\u00fcr diese fremden Inhalte auch keine Gew\u00e4hr \u00fcbernehmen. F\u00fcr die Inhalte der verlinkten Seiten ist stets der jeweilige Anbieter oder Betreiber der Seiten verantwortlich. Die verlinkten Seiten wurden zum Zeitpunkt der Verlinkung auf m\u00f6gliche Rechtsverst\u00f6\u00dfe \u00fcberpr\u00fcft. Rechtswidrige Inhalte waren zum Zeitpunkt der Verlinkung nicht erkennbar. Eine permanente inhaltliche Kontrolle der verlinkten Seiten ist jedoch ohne konkrete Anhaltspunkte einer Rechtsverletzung nicht zumutbar. Bei Bekanntwerden von Rechtsverletzungen werden wir derartige Links umgehend entfernen.<\/p>\n<p><strong>Urheberrecht<\/strong><br \/>\nDie durch die Seitenbetreiber erstellten Inhalte und Werke auf diesen Seiten unterliegen dem deutschen Urheberrecht. Die Vervielf\u00e4ltigung, Bearbeitung, Verbreitung und jede Art der Verwertung au\u00dferhalb der Grenzen des Urheberrechtes bed\u00fcrfen der schriftlichen Zustimmung des jeweiligen Autors bzw. Erstellers. Downloads und Kopien dieser Seite sind nur f\u00fcr den privaten, nicht kommerziellen Gebrauch gestattet. Soweit die Inhalte auf dieser Seite nicht vom Betreiber erstellt wurden, werden die Urheberrechte Dritter beachtet. Insbesondere werden Inhalte Dritter als solche gekennzeichnet. Sollten Sie trotzdem auf eine Urheberrechtsverletzung aufmerksam werden, bitten wir um einen entsprechenden Hinweis. Bei Bekanntwerden von Rechtsverletzungen werden wir derartige Inhalte umgehend entfernen.<\/p>\n<h1>Datenschutz<\/h1>\n<h3>Einleitung<\/h3>\n<p>Wir danken Ihnen f\u00fcr Ihren Besuch auf unserer Homepage und das damit verbundene Interesse an unserem Verein. Der Schutz Ihrer personenbezogenen Daten ist uns ein wichtiges Anliegen. Grunds\u00e4tze wie Datensparsamkeit, Transparenz und Sicherheit haben bei uns daher h\u00f6chste Priorit\u00e4t.<br \/>\nDie Verarbeitung personenbezogener Daten (z.B. Name, Anschrift, E-Mail-Adresse oder Telefonnummer einer betroffenen Person), erfolgt stets im Einklang mit der Datenschutz-Grundverordnung (DSGVO) und in \u00dcbereinstimmung mit den f\u00fcr uns geltenden landesspezifischen Datenschutzbestimmungen.<br \/>\nAlle nachfolgenden Angaben beziehen sich dabei auf die Nutzung der digitalen Angebote \u00fcber PC, Smartphones, Tablets sowie auf alle weiteren internetf\u00e4higen, mobilen oder station\u00e4ren Endger\u00e4te.<br \/>\nAls f\u00fcr die Datenverarbeitung Verantwortliche haben wir zahlreiche technische und organisatorische Ma\u00dfnahmen umgesetzt, um einen m\u00f6glichst l\u00fcckenlosen Schutz der \u00fcber unsere Webseite verarbeiteten personenbezogenen Daten sicherzustellen. Daten\u00fcbertragungen \u00fcber das Internet k\u00f6nnen aber grunds\u00e4tzlich Sicherheitsl\u00fccken enthalten, sodass kein hundertprozentiger Schutz gew\u00e4hrleistet werden kann.<\/p>\n<h3>1. Begriffsbestimmungen<\/h3>\n<p>Diese Datenschutzerkl\u00e4rung beruht auf den Begriffsbestimmungen, die durch den Europ\u00e4ischen Richtlinien- und Verordnungsgeber beim Erlass der DSGVO benutzt wurden (Artikel 4 DSGVO). Diese Datenschutzerkl\u00e4rung soll f\u00fcr jede Person sowohl einfach lesbar, als auch leicht verst\u00e4ndlich sein. Um dies sicher zu stellen, m\u00f6chten wir zun\u00e4chst die verwendeten Begrifflichkeiten erl\u00e4utern. In dieser Datenschutzerkl\u00e4rung werden unter anderem diese Begriffsbestimmungen verwendet:<br \/>\na) \u201epersonenbezogene Daten\u201c:<br \/>\nalle Informationen, die sich auf eine identifizierte oder identifizierbare nat\u00fcrliche Person (im Folgenden \u201ebetroffene Person\u201c) beziehen; als identifizierbar wird eine nat\u00fcrliche Person angesehen, die direkt oder indirekt, insbesondere mittels Zuordnung zu einer Kennung wie einem Namen, zu einer Kennnummer, zu Standortdaten, zu einer Online-Kennung oder zu einem oder mehreren besonderen Merkmalen identifiziert werden kann, die Ausdruck der physischen, physiologischen, genetischen, psychischen, wirtschaftlichen, kulturellen oder sozialen Identit\u00e4t dieser nat\u00fcrlichen Person sind;<br \/>\nb) \u201ebetroffene Person\u201c:<br \/>\njede identifizierte oder identifizierbare nat\u00fcrliche Person, deren personenbezogene Daten von dem f\u00fcr die Verarbeitung Verantwortlichen verarbeitet werden.<br \/>\nc) Verarbeitung\u201c:<br \/>\njeder mit oder ohne Hilfe automatisierter Verfahren ausgef\u00fchrter Vorgang oder jede solche Vorgangsreihe im Zusammenhang mit personenbezogenen Daten wie das Erheben, das Erfassen, die Organisation, das Ordnen, die Speicherung, die Anpassung oder Ver\u00e4nderung, das Auslesen, das Abfragen, die Verwendung, die Offenlegung durch \u00dcbermittlung, Verbreitung oder eine andere Form der Bereitstellung, den Abgleich oder die Verkn\u00fcpfung, die Einschr\u00e4nkung, das L\u00f6schen oder die Vernichtung;<br \/>\nd) \u201eEinschr\u00e4nkung der Verarbeitung\u201c:<br \/>\ndie Markierung gespeicherter personenbezogener Daten mit dem Ziel, ihre k\u00fcnftige Verarbeitung einzuschr\u00e4nken;<br \/>\ne) \u201eProfiling\u201c:<br \/>\njede Art der automatisierten Verarbeitung personenbezogener Daten, die darin besteht, dass diese personenbezogenen Daten verwendet werden, um bestimmte pers\u00f6nliche Aspekte, die sich auf eine nat\u00fcrliche Person beziehen, zu bewerten, insbesondere um Aspekte bez\u00fcglich Arbeitsleistung, wirtschaftliche Lage, Gesundheit, pers\u00f6nliche Vorlieben, Interessen, Zuverl\u00e4ssigkeit, Verhalten, Aufenthaltsort oder Ortswechsel dieser nat\u00fcrlichen Person zu analysieren oder vorherzusagen;<br \/>\nf) \u201eVerantwortlicher\u201c:<br \/>\ndie nat\u00fcrliche oder juristische Person, Beh\u00f6rde, Einrichtung oder andere Stelle, die allein oder gemeinsam mit anderen \u00fcber die Zwecke und Mittel der Verarbeitung von personenbezogenen Daten entscheidet; sind die Zwecke und Mittel dieser Verarbeitung durch das Unionsrecht oder das Recht der Mitgliedstaaten vorgegeben, so k\u00f6nnen der Verantwortliche beziehungsweise die bestimmten Kriterien seiner Benennung nach dem Unionsrecht oder dem Recht der Mitgliedstaaten vorgesehen werden;<br \/>\ng) \u201eEmpf\u00e4nger\u201c:<br \/>\neine nat\u00fcrliche oder juristische Person, Beh\u00f6rde, Einrichtung oder andere Stelle, denen personenbezogene Daten offengelegt werden, unabh\u00e4ngig davon, ob es sich bei ihr um einen Dritten handelt oder nicht. Beh\u00f6rden, die im Rahmen eines bestimmten Untersuchungsauftrags nach dem Unionsrecht oder dem Recht der Mitgliedstaaten m\u00f6glicherweise personenbezogene Daten erhalten, gelten jedoch nicht als Empf\u00e4nger; die Verarbeitung dieser Daten durch die genannten Beh\u00f6rden erfolgt im Einklang mit den geltenden Datenschutzvorschriften gem\u00e4\u00df den Zwecken der Verarbeitung;<br \/>\nh) \u201eDritter\u201c:<br \/>\neine nat\u00fcrliche oder juristische Person, Beh\u00f6rde, Einrichtung oder andere Stelle, au\u00dfer der betroffenen Person, dem Verantwortlichen, dem Auftragsverarbeiter und den Personen, die unter der unmittelbaren Verantwortung des Verantwortlichen oder des Auftragsverarbeiters befugt sind, die personenbezogenen Daten zu verarbeiten;<br \/>\ni) \u201eEinwilligung\u201c:<br \/>\nder betroffenen Person jede freiwillig f\u00fcr den bestimmten Fall, in informierter Weise und unmissverst\u00e4ndlich abgegebene Willensbekundung in Form einer Erkl\u00e4rung oder einer sonstigen eindeutigen best\u00e4tigenden Handlung, mit der die betroffene Person zu verstehen gibt, dass sie mit der Verarbeitung der sie betreffenden personenbezogenen Daten einverstanden ist.<\/p>\n<h3>2.Erhebung und Speicherung personenbezogener Daten sowie Art und Zweck von deren Verwendung<\/h3>\n<p>a) Beim Besuch der Website:<br \/>\nDie Nutzung unserer Webseite ist in der Regel ohne Angabe personenbezogener Daten m\u00f6glich. Soweit auf unseren Seiten personenbezogene Daten (beispielsweise Name, Anschrift oder eMail-Adressen) erhoben werden, erfolgt dies, soweit m\u00f6glich, stets auf freiwilliger Basis. Wenn Sie unsere Website aufrufen, erheben wir die folgenden Daten, die f\u00fcr uns technisch erforderlich sind, um Ihnen die Website anzuzeigen, dabei gehen wir verantwortungsvoll mit Ihren Daten um.<br \/>\nIm Einzelnen werden folgende Daten bei einem Besuch der Website erhoben:<br \/>\nIm Rahmen der Verbesserung unseres Internetauftrittes und zur Auswertung der Besucher werden Daten wie bspw. Zugriffsdatum und \u2013zeit, geogr. Herkunft des Besuchers, aufgerufene Seite, Endger\u00e4t, Betriebssystem, Browser, Bildschirmaufl\u00f6sung oder Verweildauer aufgezeichnet.<br \/>\nIm Einzelnen verwenden wir Ihre Daten f\u00fcr folgendes:<br \/>\n\u2022 Ermittlung des Besucherverhaltens<br \/>\n\u2022 Ermittlung der zugreifenden Endger\u00e4te<br \/>\nDie genannten Daten werden durch uns zu folgenden Zwecken verarbeitet:<br \/>\n\u2022 Verbesserung des Internetauftritts<br \/>\nDie Rechtsgrundlage f\u00fcr die Datenverarbeitung ist Art. 6 Abs. 1 S. 1 lit. f DSGVO. Unser berechtigtes Interesse folgt aus oben aufgelisteten Zwecken zur Datenerhebung. In keinem Fall verwenden wir die erhobenen Daten zu dem Zweck, R\u00fcckschl\u00fcsse auf Ihre Person zu ziehen.<br \/>\nDar\u00fcber hinaus setzen wir beim Besuch der Website Cookies sowie Analysedienste ein. N\u00e4here Erl\u00e4uterungen dazu erhalten Sie in dieser Datenschutzerkl\u00e4rung.<\/p>\n<h3>3. Wann werden Daten \u00fcber Sie gespeichert?<\/h3>\n<p>In einem begrenzten Umfang werden Daten von Ihnen erhoben, um unsererseits Statistiken auszuwerten und gegebenenfalls Fehler zu finden sowie diese zu korrigieren.<br \/>\nWir erheben personenbezogene Daten:<br \/>\n\u2022 W\u00e4hrend Ihres Besuches auf unserer Internetseite<\/p>\n<h3>4. Weitergabe der personenbezogenen Daten an Dritte:<\/h3>\n<p>Ihre Daten werden an folgende an folgende Unternehmen\/Anbieter weitergegeben und erhoben.<br \/>\n\u2022 Alfahosting GmbH, f\u00fcr das Hosting der Website<br \/>\n\u2022 Es werden Ihre IP \u2013 Adresse, der Zeitpunkt des Besuches auf unserer Homepage, sowie die Domain f\u00fcr unser Unternehmen ersichtlich<br \/>\nUnsere Gesch\u00e4ftspartner beziehungsweise Anbieter erbringen die vorausgesetzten Datenschutzstandards und arbeiten Datenschutzkonform.<\/p>\n<h3>5. Einsetzen von Cookies<\/h3>\n<p>Wir setzen auf unserer Internetseite anonymisiert Cookies ein, um:<br \/>\n\u2022 Aufrufh\u00e4ufigkeiten von Seiten- oder Produkten zu messen<br \/>\n\u2022 Die Navigation auf unserer Internetseite zu verbessern<\/p>\n<p><strong>Wie kann ich Cookies deaktivieren ?<\/strong><\/p>\n<p><strong>Firefox<\/strong><br \/>\n\u2022 \u00d6ffnen Sie den Firefox Browser.<br \/>\n\u2022 Dr\u00fccken Sie die \u201eAlt\u201c Taste auf Ihrer Tastatur.<br \/>\n\u2022 W\u00e4hlen Sie \u201eMen\u00fc\u201c und dann \u201eOptionen\u201c in Ihrer Funktionsleiste.<br \/>\n\u2022 W\u00e4hlen Sie den Reiter \u201ePrivatsph\u00e4re\u201c aus.<br \/>\n\u2022 W\u00e4hlen Sie f\u00fcr \u201eFirefox wird eine Chronik:\u201c \u201enach benutzerdefinierten Einstellungen anlegen\u201c aus.<br \/>\n\u2022 Entfernen Sie die Markierung \u201eCookies akzeptieren\u201c und speichern Sie Ihre Einstellungen.<br \/>\n<strong>Internet Explorer<\/strong><br \/>\n\u2022 \u00d6ffnen Sie den Internet Explorer.<br \/>\n\u2022 Klicken Sie auf die Schaltfl\u00e4che \u201eExtras\u201c und dann auf \u201eInternetoptionen\u201c.<br \/>\n\u2022 Klicken Sie auf die Registerkarte \u201eDatenschutz\u201c.<br \/>\n\u2022 Im Reiter \u201eCookies\u201c k\u00f6nnen Sie die Markierung entfernen und Ihre Einstellungen speichern.<br \/>\n<strong>Google Chrome<\/strong><br \/>\n\u2022 \u00d6ffnen Sie Google Chrome.<br \/>\n\u2022 W\u00e4hlen Sie \u201cEinstellungen\u201d aus.<br \/>\n\u2022 Klicken Sie auf \u201cErweiterte Einstellungen anzeigen\u201d.<br \/>\n\u2022 Klicken Sie im Reiter \u201eDatenschutz\u201c auf \u201eInhaltseinstellungen\u201c.<br \/>\n\u2022 Im Abschnitt \u201eCookies\u201c k\u00f6nnen Sie diese deaktivieren und Ihre Einstellungen speichern.<br \/>\n<strong>Safari<\/strong><br \/>\n\u2022 \u00d6ffnen Sie Safari.<br \/>\n\u2022 W\u00e4hlen Sie \u201eEinstellungen\u201c in der Funktionsliste (graues Zahnrad in der oberen, rechten Ecke) und klicken Sie auf \u201ePrivatsph\u00e4re\u201c.<br \/>\n\u2022 Unter \u201eCookies akzeptieren\u201c k\u00f6nnen Sie spezifizieren ob und wann Safari Cookies von Websites akzeptieren soll. F\u00fcr mehr Informationen klicken Sie auf Hilfe \u201e?\u201c.<br \/>\n\u2022 Wenn Sie mehr \u00fcber die Cookies erfahren m\u00f6chten, die auf Ihrem Computer gespeichert werden, dann klicken Sie auf \u201eCookies anzeigen\u201c.<\/p>\n<h3>6. Schutz der Daten<\/h3>\n<p>Beim Datentransfer, beispielsweise Eingabe der Kundendaten oder \u00e4hnliches, nutzen wir das SSL \u2013 Sicherheitsverfahren (Secure Socket Layer) in Verbindung mit einer 128 \u2013 Bit \u2013 Verschl\u00fcsselung. Erkennbar ist die verschl\u00fcsselte Daten\u00fcbertragung anhand des geschlossenen Schlosses in der Leiste oben links Ihres Browsers.<\/p>\n<h3>7. Rechte des Betroffenen<\/h3>\n<p>a) Auskunftsrecht gem\u00e4\u00df Art. 15 DSGVO:<br \/>\nSie haben insbesondere ein Recht auf Auskunft \u00fcber Ihre von uns verarbeiteten personenbezogenen Daten, die Verarbeitungszwecke, die Kategorien der verarbeiteten personenbezogenen Daten, die Empf\u00e4nger oder Kategorien von Empf\u00e4ngern, gegen\u00fcber denen Ihre Daten offengelegt wurden oder werden, die geplante Speicherdauer bzw. die Kriterien f\u00fcr die Festlegung der Speicherdauer, das Bestehen eines Rechts auf Berichtigung, L\u00f6schung, Einschr\u00e4nkung der Verarbeitung, Widerspruch gegen die Verarbeitung, Beschwerde bei einer Aufsichtsbeh\u00f6rde, die Herkunft Ihrer Daten, wenn diese nicht durch uns bei Ihnen erhoben wurden, das Bestehen einer automatisierten Entscheidungsfindung einschlie\u00dflich Profiling und ggf. aussagekr\u00e4ftige Informationen \u00fcber die involvierte Logik und die Sie betreffende Tragweite und die angestrebten Auswirkungen einer solchen Verarbeitung, sowie Ihr Recht auf Unterrichtung, welche Garantien gem\u00e4\u00df Art. 46 DSGVO bei Weiterleitung Ihrer Daten in Drittl\u00e4nder bestehen.<br \/>\nb) Recht auf Berichtigung gem\u00e4\u00df Art. 16 DSGVO:<br \/>\nSie haben ein Recht auf unverz\u00fcgliche Berichtigung Sie betreffender unrichtiger Daten und\/oder Vervollst\u00e4ndigung Ihrer bei uns gespeicherten unvollst\u00e4ndigen Daten.<br \/>\nc) Recht auf L\u00f6schung gem\u00e4\u00df Art. 17 DSGVO:<br \/>\nSie haben das Recht, die L\u00f6schung Ihrer personenbezogenen Daten bei Vorliegen der Voraussetzungen des Art. 17 Abs. 1 DSGVO zu verlangen. Dieses Recht besteht jedoch insbesondere dann nicht, wenn die Verarbeitung zur Aus\u00fcbung des Rechts auf freie Meinungs\u00e4u\u00dferung und Information, zur Erf\u00fcllung einer rechtlichen Verpflichtung, aus Gr\u00fcnden des \u00f6ffentlichen Interesses oder zur Geltendmachung, Aus\u00fcbung oder Verteidigung von Rechtsanspr\u00fcchen erforderlich ist.<br \/>\nd) Recht auf Einschr\u00e4nkung der Verarbeitung gem\u00e4\u00df Art. 18 DSGVO:<br \/>\nSie haben das Recht, die Einschr\u00e4nkung der Verarbeitung Ihrer personenbezogenen Daten zu verlangen, solange die von Ihnen bestrittene Richtigkeit Ihrer Daten \u00fcberpr\u00fcft wird, wenn Sie eine L\u00f6schung Ihrer Daten wegen unzul\u00e4ssiger Datenverarbeitung ablehnen und stattdessen die Einschr\u00e4nkung der Verarbeitung Ihrer Daten verlangen, wenn Sie Ihre Daten zur Geltendmachung, Aus\u00fcbung oder Verteidigung von Rechtsanspr\u00fcchen ben\u00f6tigen, nachdem wir diese Daten nach Zweckerreichung nicht mehr ben\u00f6tigen oder wenn Sie Widerspruch aus Gr\u00fcnden Ihrer besonderen Situation eingelegt haben, solange noch nicht feststeht, ob unsere berechtigten Gr\u00fcnde \u00fcberwiegen.<br \/>\ne) Recht auf Unterrichtung gem\u00e4\u00df Art. 19 DSGVO:<br \/>\nHaben Sie das Recht auf Berichtigung, L\u00f6schung oder Einschr\u00e4nkung der Verarbeitung gegen\u00fcber dem Verantwortlichen geltend gemacht, ist dieser verpflichtet, allen Empf\u00e4ngern, denen die Sie betreffenden personenbezogenen Daten offengelegt wurden, diese Berichtigung oder L\u00f6schung der Daten oder Einschr\u00e4nkung der Verarbeitung mitzuteilen, es sei denn, dies erweist sich als unm\u00f6glich oder ist mit einem unverh\u00e4ltnism\u00e4\u00dfigen Aufwand verbunden. Ihnen steht das Recht zu, \u00fcber diese Empf\u00e4nger unterrichtet zu werden.<br \/>\nf) Recht auf Daten\u00fcbertragbarkeit gem\u00e4\u00df Art. 20 DSGVO:<br \/>\nSie haben das Recht, Ihre personenbezogenen Daten, die Sie uns bereitgestellt haben, in einem strukturierten, g\u00e4ngigen und maschinenlesebaren Format zu erhalten oder die \u00dcbermittlung an einen anderen Verantwortlichen zu verlangen, soweit dies technisch machbar ist.<br \/>\ng) Recht auf Widerruf erteilter Einwilligungen gem\u00e4\u00df Art. 7 Abs. 3 DSGVO:<br \/>\nSie haben das Recht, eine einmal erteilte Einwilligung in die Verarbeitung von Daten jederzeit mit Wirkung f\u00fcr die Zukunft zu widerrufen. Im Falle des Widerrufs werden wir die betroffenen Daten unverz\u00fcglich l\u00f6schen, sofern eine weitere Verarbeitung nicht auf eine Rechtsgrundlage zur einwilligungslosen Verarbeitung gest\u00fctzt werden kann. Durch den Widerruf der Einwilligung wird die Rechtm\u00e4\u00dfigkeit der aufgrund der Einwilligung bis zum Widerruf erfolgten Verarbeitung nicht ber\u00fchrt.<br \/>\nh) Recht auf Beschwerde gem\u00e4\u00df Art. 77 DSGVO:<br \/>\nWenn Sie der Ansicht sind, dass die Verarbeitung der Sie betreffenden personenbezogenen Daten gegen die DSGVO verst\u00f6\u00dft, haben Sie \u2013 unbeschadet eines anderweitigen verwaltungsrechtlichen oder gerichtlichen Rechtsbehelfs \u2013 das Recht auf Beschwerde bei einer Aufsichtsbeh\u00f6rde, insbesondere in dem Mitgliedstaat Ihres Aufenthaltsortes, Ihres Arbeitsplatzes oder des Ortes des mutma\u00dflichen Versto\u00dfes.<\/p>\n<h3>8. Widerspruch<\/h3>\n<p>Sie k\u00f6nnen jederzeit der Verwendung Ihrer Daten durch schriftliche Mitteilung per Mail oder auf postalischem Wege mit Wirkung f\u00fcr die Zukunft widersprechen.<br \/>\nMachen sie von Ihrem Widerspruchsrecht Gebrauch, beenden wir die Verarbeitung der betroffenen Daten.<\/p>\n<h3>9. Dauer der Speicherung personenbezogener Daten<\/h3>\n<p>Die Dauer der Speicherung von personenbezogenen Daten bemisst sich anhand der jeweiligen gesetzlichen Aufbewahrungsfrist. Nach Fristablauf, werden die entsprechenden Daten routinem\u00e4\u00dfig gel\u00f6scht, sofern sie nicht mehr zur Vertragserf\u00fcllung oder Vertragsanbahnung erforderlich sind, beziehungsweise von unserer Seite aus kein Interesse an der Weiterspeicherung fortbesteht.<\/p>\n<p>&nbsp;<\/p>\n","protected":false},"excerpt":{"rendered":"<div class=\"mh-excerpt\"><p>TTC Blau-Rot Uedorf 1963 e. V. Vorsitzender: Sebastian Knauth E-Mail: sebastianknauth@gmx.de Gesch\u00e4ftsf\u00fchrer: Lasse Brauner E-Mail: lasse.brauner@gmx.de Bankverbindung: Kontonummer: 48 500 490 Bankleitzahl: 370 502 99 Bankinstitut: Kreissparkasse K\u00f6ln Vertretungsberechtigter Vorstand: Sebastian Knauth (1. Vorsitzende\/-r), Lasse Brauner (Gesch\u00e4ftsf\u00fchrer\/-in) Registergericht: Amtsgericht Bonn <a class=\"mh-excerpt-more\" href=\"https:\/\/ttc-uedorf.de\/wordpress\/impressum\/\" title=\"Impressum\">[&#8230;]<\/a><\/p>\n<\/div>","protected":false},"author":1,"featured_media":0,"parent":0,"menu_order":6,"comment_status":"closed","ping_status":"closed","template":"","meta":{"footnotes":""},"class_list":["post-24","page","type-page","status-publish","hentry"],"_links":{"self":[{"href":"https:\/\/ttc-uedorf.de\/wordpress\/wp-json\/wp\/v2\/pages\/24","targetHints":{"allow":["GET"]}}],"collection":[{"href":"https:\/\/ttc-uedorf.de\/wordpress\/wp-json\/wp\/v2\/pages"}],"about":[{"href":"https:\/\/ttc-uedorf.de\/wordpress\/wp-json\/wp\/v2\/types\/page"}],"author":[{"embeddable":true,"href":"https:\/\/ttc-uedorf.de\/wordpress\/wp-json\/wp\/v2\/users\/1"}],"replies":[{"embeddable":true,"href":"https:\/\/ttc-uedorf.de\/wordpress\/wp-json\/wp\/v2\/comments?post=24"}],"version-history":[{"count":25,"href":"https:\/\/ttc-uedorf.de\/wordpress\/wp-json\/wp\/v2\/pages\/24\/revisions"}],"predecessor-version":[{"id":2420,"href":"https:\/\/ttc-uedorf.de\/wordpress\/wp-json\/wp\/v2\/pages\/24\/revisions\/2420"}],"wp:attachment":[{"href":"https:\/\/ttc-uedorf.de\/wordpress\/wp-json\/wp\/v2\/media?parent=24"}],"curies":[{"name":"wp","href":"https:\/\/api.w.org\/{rel}","templated":true}]}}