{"id":2102,"date":"2020-09-10T15:21:48","date_gmt":"2020-09-10T13:21:48","guid":{"rendered":"http:\/\/ttc-uedorf.de\/wordpress\/?page_id=2102"},"modified":"2022-10-11T15:35:24","modified_gmt":"2022-10-11T13:35:24","slug":"uebungen-unregelmaessig","status":"publish","type":"page","link":"https:\/\/ttc-uedorf.de\/wordpress\/uebungen-unregelmaessig\/","title":{"rendered":"\u00dcbungen &#8211; unregelm\u00e4\u00dfig (B)"},"content":{"rendered":"<div>\n<div>\n<div>\n<div>\n<div>\n<div>\n<p style=\"margin: 0in; font-family: 'Calibri Light'; font-size: 14pt;\"><strong>Legende<\/strong><\/p>\n<div>\n<table border=\"1\" cellspacing=\"0\" cellpadding=\"0\">\n<tbody>\n<tr>\n<td>Abk\u00fcrzung<\/td>\n<td>Bezeichnung<\/td>\n<\/tr>\n<tr>\n<td>VH<\/td>\n<td>Vorhand<\/td>\n<\/tr>\n<tr>\n<td>RH<\/td>\n<td>R\u00fcckhand<\/td>\n<\/tr>\n<tr>\n<td>M<\/td>\n<td>Mitte<\/td>\n<\/tr>\n<tr>\n<td>B<\/td>\n<td>Block<\/td>\n<\/tr>\n<tr>\n<td>F<\/td>\n<td>Flip<\/td>\n<\/tr>\n<tr>\n<td>S<\/td>\n<td>Schupf<\/td>\n<\/tr>\n<tr>\n<td>A<\/td>\n<td>Aufschlag<\/td>\n<\/tr>\n<tr>\n<td>Abw<\/td>\n<td>Abwehr<\/td>\n<\/tr>\n<tr>\n<td>T<\/td>\n<td>Topspin<\/td>\n<\/tr>\n<tr>\n<td>U<\/td>\n<td>Unterschnitt<\/td>\n<\/tr>\n<tr>\n<td>Sei<\/td>\n<td>Seitenschnitt\/spin<\/td>\n<\/tr>\n<tr>\n<td>\n<p lang=\"x-IV_mathan\" style=\"margin: 0in; font-family: 'Cambria Math'; font-size: 11pt;\">8<\/p>\n<\/td>\n<td>Fortlaufend (unendlich)<\/td>\n<\/tr>\n<\/tbody>\n<\/table>\n<\/div>\n<\/div>\n<\/div>\n<\/div>\n<\/div>\n<\/div>\n<\/div>\n<p><strong>Alle \u00dcbungen starten immer mit der ersten Aktion (= erster <span style=\"color: #339966;\">gr\u00fcner Pfeil<\/span>) von <span style=\"color: #339966;\">Spieler A<\/span>!<\/strong><\/p>\n<hr \/>\n<h2><b>(B1) 2-2 unr. -&gt; 1-2 ; 2-1; 1-1<\/b><\/h2>\n<table border=\"1\" cellspacing=\"0\" cellpadding=\"0\">\n<tbody>\n<tr>\n<td>Spieler A<\/td>\n<td>Spieler B<\/td>\n<\/tr>\n<tr>\n<td>1-2x VHT aus VH<\/td>\n<td>B<\/td>\n<\/tr>\n<tr>\n<td>1-2x RHT aus RH<\/td>\n<td>B<\/td>\n<\/tr>\n<tr>\n<td>\u221e<\/td>\n<td><\/td>\n<\/tr>\n<\/tbody>\n<\/table>\n<hr \/>\n<div>\n<div>\n<div>\n<h2><strong>(B2) M-Ecke unr.<\/strong><\/h2>\n<div>\n<table border=\"1\" cellspacing=\"0\" cellpadding=\"0\">\n<tbody>\n<tr>\n<td>Spieler A<\/td>\n<td>Spieler B<\/td>\n<\/tr>\n<tr>\n<td>VHT aus M<\/td>\n<td>B in VH o. RH<\/td>\n<\/tr>\n<tr>\n<td>RHT aus RH<br \/>\no.<br \/>\nVHT aus VH<\/td>\n<td>B in M<\/td>\n<\/tr>\n<tr>\n<td>\n<p lang=\"x-IV_mathan\" style=\"margin: 0in; font-family: 'Cambria Math'; font-size: 11pt;\">\u221e<\/p>\n<\/td>\n<td><\/td>\n<\/tr>\n<\/tbody>\n<\/table>\n<\/div>\n<\/div>\n<\/div>\n<\/div>\n<p>&nbsp;<\/p>\n","protected":false},"excerpt":{"rendered":"<div class=\"mh-excerpt\"><p>Legende Abk\u00fcrzung Bezeichnung VH Vorhand RH R\u00fcckhand M Mitte B Block F Flip S Schupf A Aufschlag Abw Abwehr T Topspin U Unterschnitt Sei Seitenschnitt\/spin 8 Fortlaufend (unendlich) Alle \u00dcbungen starten immer mit der ersten Aktion (= erster gr\u00fcner Pfeil) <a class=\"mh-excerpt-more\" href=\"https:\/\/ttc-uedorf.de\/wordpress\/uebungen-unregelmaessig\/\" title=\"\u00dcbungen &#8211; unregelm\u00e4\u00dfig (B)\">[&#8230;]<\/a><\/p>\n<\/div>","protected":false},"author":1,"featured_media":0,"parent":0,"menu_order":0,"comment_status":"closed","ping_status":"closed","template":"","meta":{"footnotes":""},"class_list":["post-2102","page","type-page","status-publish","hentry"],"_links":{"self":[{"href":"https:\/\/ttc-uedorf.de\/wordpress\/wp-json\/wp\/v2\/pages\/2102","targetHints":{"allow":["GET"]}}],"collection":[{"href":"https:\/\/ttc-uedorf.de\/wordpress\/wp-json\/wp\/v2\/pages"}],"about":[{"href":"https:\/\/ttc-uedorf.de\/wordpress\/wp-json\/wp\/v2\/types\/page"}],"author":[{"embeddable":true,"href":"https:\/\/ttc-uedorf.de\/wordpress\/wp-json\/wp\/v2\/users\/1"}],"replies":[{"embeddable":true,"href":"https:\/\/ttc-uedorf.de\/wordpress\/wp-json\/wp\/v2\/comments?post=2102"}],"version-history":[{"count":7,"href":"https:\/\/ttc-uedorf.de\/wordpress\/wp-json\/wp\/v2\/pages\/2102\/revisions"}],"predecessor-version":[{"id":2175,"href":"https:\/\/ttc-uedorf.de\/wordpress\/wp-json\/wp\/v2\/pages\/2102\/revisions\/2175"}],"wp:attachment":[{"href":"https:\/\/ttc-uedorf.de\/wordpress\/wp-json\/wp\/v2\/media?parent=2102"}],"curies":[{"name":"wp","href":"https:\/\/api.w.org\/{rel}","templated":true}]}}